{"id":2693,"date":"2025-10-19T18:07:25","date_gmt":"2025-10-19T18:07:25","guid":{"rendered":"https:\/\/openpsychology.es\/adhd-assesment\/"},"modified":"2026-01-10T17:27:51","modified_gmt":"2026-01-10T17:27:51","slug":"adhd-assessment","status":"publish","type":"page","link":"https:\/\/openpsychology.es\/en\/adhd-assessment\/","title":{"rendered":"ADHD Assesment"},"content":{"rendered":"<p><div class=\"fusion-fullwidth fullwidth-box fusion-builder-row-1 fusion-flex-container has-pattern-background has-mask-background nonhundred-percent-fullwidth non-hundred-percent-height-scrolling\" style=\"--awb-border-radius-top-left:0px;--awb-border-radius-top-right:0px;--awb-border-radius-bottom-right:0px;--awb-border-radius-bottom-left:0px;--awb-flex-wrap:wrap;\" ><div class=\"fusion-builder-row fusion-row fusion-flex-align-items-flex-start fusion-flex-content-wrap\" style=\"max-width:1248px;margin-left: calc(-4% \/ 2 );margin-right: calc(-4% \/ 2 );\"><div class=\"fusion-layout-column fusion_builder_column fusion-builder-column-0 fusion_builder_column_1_1 1_1 fusion-flex-column\" style=\"--awb-bg-size:cover;--awb-width-large:100%;--awb-margin-top-large:0px;--awb-spacing-right-large:1.92%;--awb-margin-bottom-large:20px;--awb-spacing-left-large:1.92%;--awb-width-medium:100%;--awb-order-medium:0;--awb-spacing-right-medium:1.92%;--awb-spacing-left-medium:1.92%;--awb-width-small:100%;--awb-order-small:0;--awb-spacing-right-small:1.92%;--awb-spacing-left-small:1.92%;\"><div class=\"fusion-column-wrapper fusion-column-has-shadow fusion-flex-justify-content-flex-start fusion-content-layout-column\"><div class=\"fusion-title title fusion-title-1 fusion-sep-none fusion-title-text fusion-title-size-one\" style=\"--awb-margin-top-small:10px;--awb-margin-right-small:0px;--awb-margin-bottom-small:25px;--awb-margin-left-small:0px;\"><h1 class=\"fusion-title-heading title-heading-left awb-responsive-type__disable\" style=\"margin:0;\"><h1><strong>ADHD Assessment or Evalutation<\/strong><\/h1><\/h1><\/div><\/div><\/div><\/div><\/div><div class=\"fusion-fullwidth fullwidth-box fusion-builder-row-2 fusion-flex-container has-pattern-background has-mask-background nonhundred-percent-fullwidth non-hundred-percent-height-scrolling\" style=\"--awb-border-radius-top-left:0px;--awb-border-radius-top-right:0px;--awb-border-radius-bottom-right:0px;--awb-border-radius-bottom-left:0px;--awb-flex-wrap:wrap;\" ><div class=\"fusion-builder-row fusion-row fusion-flex-align-items-flex-start fusion-flex-content-wrap\" style=\"max-width:1248px;margin-left: calc(-4% \/ 2 );margin-right: calc(-4% \/ 2 );\"><div class=\"fusion-layout-column fusion_builder_column fusion-builder-column-1 fusion_builder_column_1_1 1_1 fusion-flex-column\" style=\"--awb-bg-size:cover;--awb-width-large:100%;--awb-margin-top-large:0px;--awb-spacing-right-large:1.92%;--awb-margin-bottom-large:20px;--awb-spacing-left-large:1.92%;--awb-width-medium:100%;--awb-order-medium:0;--awb-spacing-right-medium:1.92%;--awb-spacing-left-medium:1.92%;--awb-width-small:100%;--awb-order-small:0;--awb-spacing-right-small:1.92%;--awb-spacing-left-small:1.92%;\"><div class=\"fusion-column-wrapper fusion-column-has-shadow fusion-flex-justify-content-flex-start fusion-content-layout-column\"><div class=\"fusion-text fusion-text-1\"><h2><b>What is Attention Deficit Hyperactivity Disorder (ADHD) <\/b><\/h2>\n<p>Attention Deficit Hyperactivity Disorder (ADHD) is part of human neurocdiversity and it can show up from childhood through adulthood. Its main traits are persistent pattern of inattention, impulsivity, and\/or hyperactivity that can influence academic, work, social, and emotional development.<\/p>\n<p>An accurate diagnosis is essential to implement appropriate interventions that improve the patient&#8217;s quality of life. Psychological assessment is a key tool in this process, as it allows for the identification of the specific characteristics of the disorder in each individual and, from there, to begin a therapeutic intervention process, which may include a child psychologist, speech therapist, occupational therapist, with the essential collaboration of the family and the school environment.<\/p>\n<\/div><div class=\"fusion-text fusion-text-2\"><h2><b>What is the best age to assess ADHD?<\/b><\/h2>\n<p>Early diagnosis of ADHD is essential to effectively address its symptoms. Although syntoms may appear in preschool ages, formal evaluation of ADHD is recommended from 6 years old. 6 age is a relevant threshold because by reaching 6, children have got a level of cognitive and behavioral development that allows evaluator to execute a more accurate observation of symptoms in different settings, such as at home and at school. This is why ADHD assessment tests are designed and validated primarily for children from the age of 6. Get assessed a younger children, even if a few adaptations could be used, is not recommended because could reduce test results accuracy ,<\/p>\n<\/div><div class=\"fusion-text fusion-text-3\"><h2><b>When to realize an ADHD Evaluation to a children<\/b><\/h2>\n<p>It is advisable to consider a possible ADHD evaluation when a child consistently shows difficulties with attention, impulsivity, or hyperactivity, and these begin to affect their learning, family life, or relationships with other children. Sometimes, it is the school itself that suggests the evaluation, because teachers may observe these difficulties in the classroom and notice that they interfere with learning or interaction with other classmates. For them to be considered significant, these symptoms must persist for at least six months and appear in different settings. Detectar estas se\u00f1ales a tiempo y ofrecer el apoyo adecuado ayuda a reducir las dificultades y a favorecer un desarrollo saludabl<\/p>\n<\/div><div class=\"fusion-text fusion-text-4\"><h2><strong>ADHD Evaluations types <\/strong><\/h2>\n<p>ADHD evaluation is a multi-dimensional process that combine different tools to get a full insight about a children e such as:<\/p>\n<p>Clinical Interviews: These allow for the collection of detailed information about the child&#8217;s development, family history, and the manifestation of symptoms in different contexts.<\/p>\n<p>Questionnaires and Assessment Scales: Standardized instruments that collect observations from parents, teachers, and the child about behaviors related to ADHD.<\/p>\n<p>Neuropsychological Tests: These tests evaluate specific cognitive functions, such as a\u00battention, memory, and executive functions, providing objective data on the child&#8217;s performance.<\/p>\n<p>&nbsp;<\/p>\n<h2><b>\u00bfPor qu\u00e9 es importante realizar una evaluaci\u00f3n de TDAH con un buen diagn\u00f3stico diferencial? <\/b><\/h2>\n<p><span style=\"font-weight: 400;\">.<\/span><span style=\"letter-spacing: 0.21px; background-color: rgba(0, 0, 0, 0);\">En psicolog\u00eda cl\u00ednica, una evaluaci\u00f3n con diagn\u00f3stico diferencial es esencial para comprender en profundidad qu\u00e9 est\u00e1 detr\u00e1s de las dificultades o caracter\u00edsticas que presenta un ni\u00f1o o adolescente. Many symptoms\u2014such as inattention, impulsivity, poor school performance, or lack of motivation\u2014can have very different origins, and only a complete assessment allows differentiation between possible causes: learning difficulties, ADHD, <a href=\"https:\/\/openpsychology.es\/evaluacion-altas-capacidades\/\" target=\"_blank\" rel=\"noopener noreferrer\">high abilities<\/a>, anxiety, emotional problems, or even contextual factors.\u00ba<\/span><\/p>\n<p>A good differential diagnosis avoids misinterpretations and allows for an intervention tailored to the child&#8217;s actual needs. To do this, different standardized psychological tests are used, which allow the exploration of cognitive functions, attention, mental flexibility, behavior and emotional profile.<\/p>\n<\/div><div class=\"fusion-text fusion-text-5\"><h3><b>How to make an ADHD Assesment<\/b><\/h3>\n<p><b> <\/b><span style=\"letter-spacing: 0.21px; background-color: rgba(0, 0, 0, 0);\">The assessment of ADHD is a comprehensive process that encompasses several stages:<\/span><\/p>\n<ul>\n<li>Information Gathering: Data is obtained on the child&#8217;s early development, medical and family history, and current symptoms are analyzed.<\/li>\n<li>Observaci\u00f3n Directa: Evaluaci\u00f3n del comportamiento del ni\u00f1o en diferentes entornos, como el hogar y la escuela, para identificar patrones consistentes de inatenci\u00f3n, hiperactividad o impulsividad.<\/li>\n<li>AplicacDirect Observation: Evaluation of the child&#8217;s behavior in different environments, such as home and school, to identify consistent patterns of inattention, hyperactivity, or impulsivity.i\u00f3n de Pruebas Estandarizadas: Uso de test espec\u00edficos para medir funciones cognitivas y comportamentales relacionadas con el TDAH.<\/li>\n<li>Medical Evaluation: Rule out possible medical causes that may explain the symptoms presented.<\/li>\n<li>Results Analysis and Diagnosis: Integration of all collected information to determine the presence of ADHD and its possible comorbidity with other disorders.<\/li>\n<\/ul>\n<p>Results Analysis and Diagnosis: Integration of all collected information to determine the presence of ADHD and its possible comorbidity with other disorders. An accurate assessment not only facilitates diagnosis, but also guides the most appropriate therapeutic interventions for each case.<\/p>\n<\/div><div class=\"fusion-text fusion-text-6\"><h4>Main standardized tests most used in the assessment of ADHD in children and adolescents<\/h4>\n<h5><b>WISC-V (Wechsler Intelligence Scale for Children \u2013 Fifth Edition)<\/b><\/h5>\n<p>It assesses general intellectual ability and various cognitive processes such as verbal comprehension, fluid reasoning, working memory, and processing speed.. It is a key tool for differentiating between ADHD, learning difficulties, or high abilities.<\/p>\n<h5><b>D-KEFS (Delis-Kaplan Executive Function System)<\/b><\/h5>\n<p>A set of tests designed to assess executive functions, such as planning, cognitive flexibility, inhibitory control, and problem-solving. It is fundamental to analyzing how the child organizes, controls, and regulates his behavior.<\/p>\n<h5><b>d2-R (Attention Test):<\/b><\/h5>\n<p>It measures selective attention and concentration through a cancellation task in which the child must identify relevant stimuli among distractors within a limited time. It helps to assess the ability to maintain attention and discriminate stimuli, which is very useful in the study of ADHD.<\/p>\n<h5><b>Caras-R (Test of Perception of Differences)<\/b><\/h5>\n<p>Permite evaluar la atenci\u00f3n perceptiva y la velocidad de procesamiento visual a trav\u00e9s de la identificaci\u00f3n r\u00e1pida de diferencias entre pares de caras similares. it allows the evaluation of perceptual attention and visual processing speed through the rapid identification of differences between pairs of similar faces.Es una herramienta sencilla y eficaz para detectar dificultades atencionales en edades tempranas.<\/p>\n<h5><b>ENFEN (Neuropsychological Evaluation of Executive Functions in Children)<\/b><\/h5>\n<p>It assesses aspects such as planning, working memory, cognitive flexibility, and verbal fluency. It assesses aspects such as planning, working memory, cognitive flexibility, and verbal fluency.<\/p>\n<h5><b>BASC (Behavior Assessment System for Children)<\/b><\/h5>\n<p>A<span style=\"font-family: Poppins; font-size: 14px; letter-spacing: 0.21px; background-color: rgba(0, 0, 0, 0);\">Analyzes the behavioral and emotional profile of the child or adolescent. Through questionnaires for parents, teachers and the child himself, it offers a global view of socio-emotional functioning and possible indicators of anxiety, depression or school maladjustment.<\/span><\/p>\n<p>Having a complete evaluation and a good differential diagnosis allows us to understand the child in their entirety \u2014beyond labels\u2014 and to design personalized support strategies that promote their emotional well-being and academic development.<\/p>\n<\/div><div class=\"fusion-text fusion-text-7\"><p>Having a complete evaluation and a good differential diagnosis allows us to understand the child in their entirety\u2014beyond labels\u2014and to design personalized support strategies that promote their emotional well-being and academic development.<\/p>\n<\/div><div class=\"fusion-text fusion-text-8\"><h2><b>Importance of a Comprehensive ADHD Assessment<\/b><\/h2>\n<p>A comprehensive evaluation helps to distinguish ADHD from other developmental disorders, such as Autism Spectrum Disorder or Specific Language Impairment, as well as from learning difficulties, such as dyslexia. It also allows differentiating ADHD symptoms from problems that may be related to the child&#8217;s emotional or mood management, for which psychological support may also be necessary. It also allows differentiating ADHD symptoms from problems that may be related to the child&#8217;s emotional or mood management, for which psychological support may also be necessary. Collaboration between professionals, family, and school is essential to ensure consistent and effective support in all areas of their lives.<\/p>\n<\/div><div class=\"fusion-text fusion-text-9\"><h2><b>ADHD Evaluations Price<\/b><\/h2>\n<p><b>Each assessment is tailored to the specific needs of each child or adolescent and is designed individually, so the price may vary depending on the tests administered and the complexity of the case. As a guideline, the price of an ADHD assessment at our clinic is typically around \u20ac500.<\/b><\/p>\n<\/div><div class=\"fusion-text fusion-text-10\"><p>Every child deserves an assessment that looks beyond the symptoms. Request a comprehensive psychological evaluation and discover how to help you reach your full potential.<\/p>\n<\/div><div style=\"text-align:center;\"><a class=\"fusion-button button-flat fusion-button-default-size button-default fusion-button-default button-1 fusion-button-default-span fusion-button-default-type\" target=\"_self\" href=\"https:\/\/openpsychology.es\/en\/make-an-appointment\/\"><span class=\"fusion-button-text awb-button__text awb-button__text--default\">MAKE AN APPOINTMENT<\/span><\/a><\/div><\/div><\/div><\/div><\/div><\/p>\n","protected":false},"excerpt":{"rendered":"","protected":false},"author":3,"featured_media":0,"parent":0,"menu_order":0,"comment_status":"closed","ping_status":"closed","template":"100-width.php","meta":{"_joinchat":[],"footnotes":""},"class_list":["post-2693","page","type-page","status-publish","hentry"],"yoast_head":"<!-- This site is optimized with the Yoast SEO plugin v27.3 - https:\/\/yoast.com\/product\/yoast-seo-wordpress\/ -->\n<title>ADHD Assesment - Open Psychology<\/title>\n<meta name=\"description\" content=\"Discover how and when to carry out an ADHD assessment for your child with Open Psychology\" \/>\n<meta name=\"robots\" content=\"index, follow, max-snippet:-1, max-image-preview:large, max-video-preview:-1\" \/>\n<link rel=\"canonical\" href=\"https:\/\/openpsychology.es\/en\/adhd-assessment\/\" \/>\n<meta property=\"og:locale\" content=\"en_US\" \/>\n<meta property=\"og:type\" content=\"article\" \/>\n<meta property=\"og:title\" content=\"ADHD Assesment - Open Psychology\" \/>\n<meta property=\"og:description\" content=\"Discover how and when to carry out an ADHD assessment for your child with Open Psychology\" \/>\n<meta property=\"og:url\" content=\"https:\/\/openpsychology.es\/en\/adhd-assessment\/\" \/>\n<meta property=\"og:site_name\" content=\"Open Psychology\" \/>\n<meta property=\"article:publisher\" content=\"https:\/\/www.facebook.com\/profile.php?id=61556528279639\" \/>\n<meta property=\"article:modified_time\" content=\"2026-01-10T17:27:51+00:00\" \/>\n<meta name=\"twitter:card\" content=\"summary_large_image\" \/>\n<meta name=\"twitter:label1\" content=\"Est. reading time\" \/>\n\t<meta name=\"twitter:data1\" content=\"6 minutes\" \/>\n<script type=\"application\/ld+json\" class=\"yoast-schema-graph\">{\"@context\":\"https:\\\/\\\/schema.org\",\"@graph\":[{\"@type\":\"WebPage\",\"@id\":\"https:\\\/\\\/openpsychology.es\\\/en\\\/adhd-assessment\\\/\",\"url\":\"https:\\\/\\\/openpsychology.es\\\/en\\\/adhd-assessment\\\/\",\"name\":\"ADHD Assesment - Open Psychology\",\"isPartOf\":{\"@id\":\"https:\\\/\\\/openpsychology.es\\\/#website\"},\"datePublished\":\"2025-10-19T18:07:25+00:00\",\"dateModified\":\"2026-01-10T17:27:51+00:00\",\"description\":\"Discover how and when to carry out an ADHD assessment for your child with Open Psychology\",\"breadcrumb\":{\"@id\":\"https:\\\/\\\/openpsychology.es\\\/en\\\/adhd-assessment\\\/#breadcrumb\"},\"inLanguage\":\"en-US\",\"potentialAction\":[{\"@type\":\"ReadAction\",\"target\":[\"https:\\\/\\\/openpsychology.es\\\/en\\\/adhd-assessment\\\/\"]}]},{\"@type\":\"BreadcrumbList\",\"@id\":\"https:\\\/\\\/openpsychology.es\\\/en\\\/adhd-assessment\\\/#breadcrumb\",\"itemListElement\":[{\"@type\":\"ListItem\",\"position\":1,\"name\":\"Home\",\"item\":\"https:\\\/\\\/openpsychology.es\\\/en\\\/\"},{\"@type\":\"ListItem\",\"position\":2,\"name\":\"ADHD Assesment\"}]},{\"@type\":\"WebSite\",\"@id\":\"https:\\\/\\\/openpsychology.es\\\/#website\",\"url\":\"https:\\\/\\\/openpsychology.es\\\/\",\"name\":\"Open Psychology\",\"description\":\"\",\"publisher\":{\"@id\":\"https:\\\/\\\/openpsychology.es\\\/#organization\"},\"potentialAction\":[{\"@type\":\"SearchAction\",\"target\":{\"@type\":\"EntryPoint\",\"urlTemplate\":\"https:\\\/\\\/openpsychology.es\\\/?s={search_term_string}\"},\"query-input\":{\"@type\":\"PropertyValueSpecification\",\"valueRequired\":true,\"valueName\":\"search_term_string\"}}],\"inLanguage\":\"en-US\"},{\"@type\":\"Organization\",\"@id\":\"https:\\\/\\\/openpsychology.es\\\/#organization\",\"name\":\"Open Psychology\",\"url\":\"https:\\\/\\\/openpsychology.es\\\/\",\"logo\":{\"@type\":\"ImageObject\",\"inLanguage\":\"en-US\",\"@id\":\"https:\\\/\\\/openpsychology.es\\\/#\\\/schema\\\/logo\\\/image\\\/\",\"url\":\"https:\\\/\\\/openpsychology.es\\\/wp-content\\\/uploads\\\/2024\\\/03\\\/OpenPsychology-blog.png\",\"contentUrl\":\"https:\\\/\\\/openpsychology.es\\\/wp-content\\\/uploads\\\/2024\\\/03\\\/OpenPsychology-blog.png\",\"width\":400,\"height\":291,\"caption\":\"Open Psychology\"},\"image\":{\"@id\":\"https:\\\/\\\/openpsychology.es\\\/#\\\/schema\\\/logo\\\/image\\\/\"},\"sameAs\":[\"https:\\\/\\\/www.facebook.com\\\/profile.php?id=61556528279639\",\"https:\\\/\\\/www.linkedin.com\\\/company\\\/open-psychology\"]}]}<\/script>\n<!-- \/ Yoast SEO plugin. -->","yoast_head_json":{"title":"ADHD Assesment - Open Psychology","description":"Discover how and when to carry out an ADHD assessment for your child with Open Psychology","robots":{"index":"index","follow":"follow","max-snippet":"max-snippet:-1","max-image-preview":"max-image-preview:large","max-video-preview":"max-video-preview:-1"},"canonical":"https:\/\/openpsychology.es\/en\/adhd-assessment\/","og_locale":"en_US","og_type":"article","og_title":"ADHD Assesment - Open Psychology","og_description":"Discover how and when to carry out an ADHD assessment for your child with Open Psychology","og_url":"https:\/\/openpsychology.es\/en\/adhd-assessment\/","og_site_name":"Open Psychology","article_publisher":"https:\/\/www.facebook.com\/profile.php?id=61556528279639","article_modified_time":"2026-01-10T17:27:51+00:00","twitter_card":"summary_large_image","twitter_misc":{"Est. reading time":"6 minutes"},"schema":{"@context":"https:\/\/schema.org","@graph":[{"@type":"WebPage","@id":"https:\/\/openpsychology.es\/en\/adhd-assessment\/","url":"https:\/\/openpsychology.es\/en\/adhd-assessment\/","name":"ADHD Assesment - Open Psychology","isPartOf":{"@id":"https:\/\/openpsychology.es\/#website"},"datePublished":"2025-10-19T18:07:25+00:00","dateModified":"2026-01-10T17:27:51+00:00","description":"Discover how and when to carry out an ADHD assessment for your child with Open Psychology","breadcrumb":{"@id":"https:\/\/openpsychology.es\/en\/adhd-assessment\/#breadcrumb"},"inLanguage":"en-US","potentialAction":[{"@type":"ReadAction","target":["https:\/\/openpsychology.es\/en\/adhd-assessment\/"]}]},{"@type":"BreadcrumbList","@id":"https:\/\/openpsychology.es\/en\/adhd-assessment\/#breadcrumb","itemListElement":[{"@type":"ListItem","position":1,"name":"Home","item":"https:\/\/openpsychology.es\/en\/"},{"@type":"ListItem","position":2,"name":"ADHD Assesment"}]},{"@type":"WebSite","@id":"https:\/\/openpsychology.es\/#website","url":"https:\/\/openpsychology.es\/","name":"Open Psychology","description":"","publisher":{"@id":"https:\/\/openpsychology.es\/#organization"},"potentialAction":[{"@type":"SearchAction","target":{"@type":"EntryPoint","urlTemplate":"https:\/\/openpsychology.es\/?s={search_term_string}"},"query-input":{"@type":"PropertyValueSpecification","valueRequired":true,"valueName":"search_term_string"}}],"inLanguage":"en-US"},{"@type":"Organization","@id":"https:\/\/openpsychology.es\/#organization","name":"Open Psychology","url":"https:\/\/openpsychology.es\/","logo":{"@type":"ImageObject","inLanguage":"en-US","@id":"https:\/\/openpsychology.es\/#\/schema\/logo\/image\/","url":"https:\/\/openpsychology.es\/wp-content\/uploads\/2024\/03\/OpenPsychology-blog.png","contentUrl":"https:\/\/openpsychology.es\/wp-content\/uploads\/2024\/03\/OpenPsychology-blog.png","width":400,"height":291,"caption":"Open Psychology"},"image":{"@id":"https:\/\/openpsychology.es\/#\/schema\/logo\/image\/"},"sameAs":["https:\/\/www.facebook.com\/profile.php?id=61556528279639","https:\/\/www.linkedin.com\/company\/open-psychology"]}]}},"_links":{"self":[{"href":"https:\/\/openpsychology.es\/en\/wp-json\/wp\/v2\/pages\/2693","targetHints":{"allow":["GET"]}}],"collection":[{"href":"https:\/\/openpsychology.es\/en\/wp-json\/wp\/v2\/pages"}],"about":[{"href":"https:\/\/openpsychology.es\/en\/wp-json\/wp\/v2\/types\/page"}],"author":[{"embeddable":true,"href":"https:\/\/openpsychology.es\/en\/wp-json\/wp\/v2\/users\/3"}],"replies":[{"embeddable":true,"href":"https:\/\/openpsychology.es\/en\/wp-json\/wp\/v2\/comments?post=2693"}],"version-history":[{"count":3,"href":"https:\/\/openpsychology.es\/en\/wp-json\/wp\/v2\/pages\/2693\/revisions"}],"predecessor-version":[{"id":2696,"href":"https:\/\/openpsychology.es\/en\/wp-json\/wp\/v2\/pages\/2693\/revisions\/2696"}],"wp:attachment":[{"href":"https:\/\/openpsychology.es\/en\/wp-json\/wp\/v2\/media?parent=2693"}],"curies":[{"name":"wp","href":"https:\/\/api.w.org\/{rel}","templated":true}]}}